{"id":3062,"date":"2021-05-12T11:24:44","date_gmt":"2021-05-12T11:24:44","guid":{"rendered":"https:\/\/sen.page\/index.php\/home\/"},"modified":"2025-09-15T07:29:03","modified_gmt":"2025-09-15T07:29:03","slug":"startseite","status":"publish","type":"page","link":"https:\/\/sen.page\/","title":{"rendered":"Startseite"},"content":{"rendered":"\t\t<div data-elementor-type=\"wp-page\" data-elementor-id=\"3062\" class=\"elementor elementor-3062\">\n\t\t\t\t\t\t<section class=\"elementor-section elementor-top-section elementor-element elementor-element-193ef4f elementor-section-boxed elementor-section-height-default elementor-section-height-default\" data-id=\"193ef4f\" data-element_type=\"section\" data-e-type=\"section\" data-settings=\"{&quot;background_background&quot;:&quot;classic&quot;}\">\n\t\t\t\t\t\t<div class=\"elementor-container elementor-column-gap-default\">\n\t\t\t\t\t<div class=\"elementor-column elementor-col-100 elementor-top-column elementor-element elementor-element-f1a093f\" data-id=\"f1a093f\" data-element_type=\"column\" data-e-type=\"column\">\n\t\t\t<div class=\"elementor-widget-wrap elementor-element-populated\">\n\t\t\t\t\t\t<section class=\"elementor-section elementor-inner-section elementor-element elementor-element-e61d181 elementor-section-boxed elementor-section-height-default elementor-section-height-default\" data-id=\"e61d181\" data-element_type=\"section\" data-e-type=\"section\">\n\t\t\t\t\t\t<div class=\"elementor-container elementor-column-gap-no\">\n\t\t\t\t\t<div class=\"elementor-column elementor-col-50 elementor-inner-column elementor-element elementor-element-3007664\" data-id=\"3007664\" data-element_type=\"column\" data-e-type=\"column\">\n\t\t\t<div class=\"elementor-widget-wrap elementor-element-populated\">\n\t\t\t\t\t\t<div class=\"elementor-element elementor-element-4d3c3fa grve-elementor-align-left elementor-widget elementor-widget-impeka_title\" data-id=\"4d3c3fa\" data-element_type=\"widget\" data-e-type=\"widget\" data-widget_type=\"impeka_title.default\">\n\t\t\t\t<div class=\"elementor-widget-container\">\n\t\t\t\t\t<h1 class=\"grve-element grve-title grve-h4\" style=\" color: #543A34;\"><span><p data-start=\"611\" data-end=\"690\">Non-Profit-Webhosting<br><\/span><\/h1>\t\t\t\t<\/div>\n\t\t\t\t<\/div>\n\t\t\t\t<div class=\"elementor-element elementor-element-6e33bb3 elementor-widget elementor-widget-image\" data-id=\"6e33bb3\" data-element_type=\"widget\" data-e-type=\"widget\" data-widget_type=\"image.default\">\n\t\t\t\t\t\t\t\t\t\t\t\t\t\t\t\t<a href=\"#\">\n\t\t\t\t\t\t\t<img fetchpriority=\"high\" decoding=\"async\" width=\"1029\" height=\"181\" src=\"https:\/\/sen.page\/files\/senpage-logo-beige.png\" class=\"attachment-full size-full wp-image-3130\" alt=\"senpage\" srcset=\"https:\/\/sen.page\/files\/senpage-logo-beige.png 1029w, https:\/\/sen.page\/files\/senpage-logo-beige-300x53.png 300w, https:\/\/sen.page\/files\/senpage-logo-beige-1024x180.png 1024w, https:\/\/sen.page\/files\/senpage-logo-beige-768x135.png 768w\" sizes=\"(max-width: 1029px) 100vw, 1029px\" \/>\t\t\t\t\t\t\t\t<\/a>\n\t\t\t\t\t\t\t\t\t\t\t\t\t\t\t<\/div>\n\t\t\t\t<div class=\"elementor-element elementor-element-2a35261 grve-elementor-align-left elementor-widget elementor-widget-impeka_title\" data-id=\"2a35261\" data-element_type=\"widget\" data-e-type=\"widget\" data-widget_type=\"impeka_title.default\">\n\t\t\t\t<div class=\"elementor-widget-container\">\n\t\t\t\t\t<div class=\"grve-element grve-title grve-subtitle-text grve-increase-heading grve-heading-120\" style=\" color: #543A34;\"><span>Die digitale Heimat f\u00fcr alle, die gestalten, bewegen und verbinden. Damit Sinnvolles nicht am Geld oder an Technik scheitert.<br><\/span><\/div>\t\t\t\t<\/div>\n\t\t\t\t<\/div>\n\t\t\t\t<div class=\"elementor-element elementor-element-e68aede elementor-widget elementor-widget-text-editor\" data-id=\"e68aede\" data-element_type=\"widget\" data-e-type=\"widget\" data-widget_type=\"text-editor.default\">\n\t\t\t\t\t\t\t\t\t<p data-start=\"233\" data-end=\"547\">senpage bietet euch die technische Basis f\u00fcr euren Internetauftritt. Einfach zu nutzen und zuverl\u00e4ssig verf\u00fcgbar. So k\u00f6nnt ihr euch voll und ganz auf das konzentrieren, was euch am Herzen liegt.<\/p><p>Seit 2009 begleiten wir Menschen und Organisationen, um ihrem Wirken eine digitale Heimat zu geben. Gerne bringen wir euch ebenfalls budgetfreundlich online.<\/p>\t\t\t\t\t\t\t\t<\/div>\n\t\t\t\t<div class=\"elementor-element elementor-element-4ce3567 grve-elementor-align-left elementor-widget elementor-widget-impeka_button\" data-id=\"4ce3567\" data-element_type=\"widget\" data-e-type=\"widget\" data-widget_type=\"impeka_button.default\">\n\t\t\t\t<div class=\"elementor-widget-container\">\n\t\t\t\t\t<div class=\"grve-element\" style=\"margin-bottom: 50px;\"><a href=\"mailto:sales@sen.page\" class=\"grve-btn grve-square grve-bg-black grve-border-black grve-bg-hover-black grve-border-hover-black grve-text-white grve-text-hover-white grve-btn-medium\">\r\n\t\t<span>Angebot unverbindlich anfragen<\/span>\r\n\t\t\t\t\t\t\t<\/a><\/div>\t\t\t\t<\/div>\n\t\t\t\t<\/div>\n\t\t\t\t\t<\/div>\n\t\t<\/div>\n\t\t\t\t<div class=\"elementor-column elementor-col-50 elementor-inner-column elementor-element elementor-element-e16b006\" data-id=\"e16b006\" data-element_type=\"column\" data-e-type=\"column\">\n\t\t\t<div class=\"elementor-widget-wrap elementor-element-populated\">\n\t\t\t\t\t\t<div class=\"elementor-element elementor-element-5c21ffb grve-elementor-align-left elementor-widget elementor-widget-impeka_image_single\" data-id=\"5c21ffb\" data-element_type=\"widget\" data-e-type=\"widget\" data-widget_type=\"impeka_image_single.default\">\n\t\t\t\t<div class=\"elementor-widget-container\">\n\t\t\t\t\t<div data-clipping-color=\"black\" data-animation=\"colored-clipping-left\" data-delay=\"100\" data-duration=\"normal\" class=\"grve-element grve-image grve-clipping-animation grve-advanced-animation grve-colored-clipping grve-animated-item\">\r\n\t<div class=\"grve-image-item\">\r\n\t\t\r\n\r\n<div class=\"grve-image-wrapper grve-none\">\r\n\t\t<div class=\"grve-thumbnail-wrapper\"  style=\"width: 560px;\"><div class=\"grve-thumbnail\"  style=\"padding-top: 133.393%;\"><img decoding=\"async\" width=\"560\" height=\"747\" src=\"https:\/\/sen.page\/files\/ibex-9116844-560x747.jpg\" class=\"attachment-impeka-grve-small-rect-vertical size-impeka-grve-small-rect-vertical\" alt=\"\" data-column-space=\"auto\" data-lazyload=\"\" data-grve-filter=\"yes\" srcset=\"https:\/\/sen.page\/files\/ibex-9116844-560x747.jpg 560w, https:\/\/sen.page\/files\/ibex-9116844-840x1120.jpg 840w\" sizes=\"(max-width: 560px) 100vw, 560px\" \/><\/div><\/div>\t<\/div>\r\n\t<\/div>\r\n<\/div>\r\n\t\t\t\t<\/div>\n\t\t\t\t<\/div>\n\t\t\t\t\t<\/div>\n\t\t<\/div>\n\t\t\t\t\t<\/div>\n\t\t<\/section>\n\t\t\t\t\t<\/div>\n\t\t<\/div>\n\t\t\t\t\t<\/div>\n\t\t<\/section>\n\t\t\t\t<section data-header-color=\"dark\" class=\"elementor-section elementor-top-section elementor-element elementor-element-6ccea89a elementor-section-boxed elementor-section-height-default elementor-section-height-default\" data-id=\"6ccea89a\" data-element_type=\"section\" data-e-type=\"section\">\n\t\t\t\t\t\t<div class=\"elementor-container elementor-column-gap-default\">\n\t\t\t\t\t<div class=\"elementor-column elementor-col-100 elementor-top-column elementor-element elementor-element-7046287d\" data-id=\"7046287d\" data-element_type=\"column\" data-e-type=\"column\">\n\t\t\t<div class=\"elementor-widget-wrap elementor-element-populated\">\n\t\t\t\t\t\t<div class=\"elementor-element elementor-element-1678929 grve-elementor-align-left elementor-widget elementor-widget-impeka_title\" data-id=\"1678929\" data-element_type=\"widget\" data-e-type=\"widget\" data-widget_type=\"impeka_title.default\">\n\t\t\t\t<div class=\"elementor-widget-container\">\n\t\t\t\t\t<h2 data-animation=\"fade-in\" data-delay=\"100\" data-duration=\"normal\" class=\"grve-element grve-title grve-animated-item grve-h1 grve-text-black\"><span>senpage steht f\u00fcr mehr als Webhosting.<br><\/span><\/h2>\t\t\t\t<\/div>\n\t\t\t\t<\/div>\n\t\t\t\t<section data-header-color=\"dark\" class=\"elementor-section elementor-inner-section elementor-element elementor-element-435322f4 elementor-section-boxed elementor-section-height-default elementor-section-height-default\" data-id=\"435322f4\" data-element_type=\"section\" data-e-type=\"section\">\n\t\t\t\t\t\t<div class=\"elementor-container elementor-column-gap-extended\">\n\t\t\t\t\t<div class=\"elementor-column elementor-col-33 elementor-inner-column elementor-element elementor-element-65e53429\" data-id=\"65e53429\" data-element_type=\"column\" data-e-type=\"column\">\n\t\t\t<div class=\"elementor-widget-wrap elementor-element-populated\">\n\t\t\t\t\t\t<div class=\"elementor-element elementor-element-cd97217 elementor-widget elementor-widget-text-editor\" data-id=\"cd97217\" data-element_type=\"widget\" data-e-type=\"widget\" data-widget_type=\"text-editor.default\">\n\t\t\t\t\t\t\t\t\t<p><strong data-start=\"290\" data-end=\"315\">Verl\u00e4sslich seit 2009<\/strong><\/p><p>Wir begleiten Vereine, Stiftungen, Politiker:innen, K\u00fcnstler:innen und viele andere dabei, online sichtbar zu werden. Mit Erfahrung und f\u00fcr alle verst\u00e4ndlich.<\/p>\t\t\t\t\t\t\t\t<\/div>\n\t\t\t\t\t<\/div>\n\t\t<\/div>\n\t\t\t\t<div class=\"elementor-column elementor-col-33 elementor-inner-column elementor-element elementor-element-5bc37141 elementor-invisible\" data-id=\"5bc37141\" data-element_type=\"column\" data-e-type=\"column\" data-settings=\"{&quot;animation&quot;:&quot;fadeInUp&quot;,&quot;animation_delay&quot;:200}\">\n\t\t\t<div class=\"elementor-widget-wrap elementor-element-populated\">\n\t\t\t\t\t\t<div class=\"elementor-element elementor-element-4d4f152f elementor-widget elementor-widget-text-editor\" data-id=\"4d4f152f\" data-element_type=\"widget\" data-e-type=\"widget\" data-widget_type=\"text-editor.default\">\n\t\t\t\t\t\t\t\t\t<p><strong data-start=\"481\" data-end=\"506\">Ein Verein aus der Schweiz<\/strong><\/p><p>Wir sind ein nicht gewinnorientierter Verein, der insbesondere gemeinn\u00fctzigen Organisationen erm\u00f6glicht, kosteng\u00fcnstig ihre digitale Pr\u00e4senz aufzubauen.<\/p>\t\t\t\t\t\t\t\t<\/div>\n\t\t\t\t\t<\/div>\n\t\t<\/div>\n\t\t\t\t<div class=\"elementor-column elementor-col-33 elementor-inner-column elementor-element elementor-element-3dd42705 elementor-invisible\" data-id=\"3dd42705\" data-element_type=\"column\" data-e-type=\"column\" data-settings=\"{&quot;animation&quot;:&quot;fadeInUp&quot;,&quot;animation_delay&quot;:300}\">\n\t\t\t<div class=\"elementor-widget-wrap elementor-element-populated\">\n\t\t\t\t\t\t<div class=\"elementor-element elementor-element-7633935 elementor-widget elementor-widget-text-editor\" data-id=\"7633935\" data-element_type=\"widget\" data-e-type=\"widget\" data-widget_type=\"text-editor.default\">\n\t\t\t\t\t\t\t\t\t<p><strong data-start=\"652\" data-end=\"672\">Einfach und fair<\/strong><\/p><p>Wir halten die Technik im Hintergrund zuverl\u00e4ssig am Laufen, damit ihr euch auf eure Aufgaben konzentrieren k\u00f6nnt. Transparent, bezahlbar und nachhaltig.<\/p>\t\t\t\t\t\t\t\t<\/div>\n\t\t\t\t\t<\/div>\n\t\t<\/div>\n\t\t\t\t\t<\/div>\n\t\t<\/section>\n\t\t\t\t<div class=\"elementor-element elementor-element-fd2bb35 elementor-widget elementor-widget-image\" data-id=\"fd2bb35\" data-element_type=\"widget\" data-e-type=\"widget\" data-widget_type=\"image.default\">\n\t\t\t\t\t\t\t\t\t\t\t\t\t\t\t<img decoding=\"async\" width=\"2560\" height=\"1707\" src=\"https:\/\/sen.page\/files\/alps-8345488-scaled.jpg\" class=\"attachment-full size-full wp-image-3157\" alt=\"\" srcset=\"https:\/\/sen.page\/files\/alps-8345488-scaled.jpg 2560w, https:\/\/sen.page\/files\/alps-8345488-300x200.jpg 300w, https:\/\/sen.page\/files\/alps-8345488-1024x683.jpg 1024w, https:\/\/sen.page\/files\/alps-8345488-768x512.jpg 768w, https:\/\/sen.page\/files\/alps-8345488-1536x1024.jpg 1536w, https:\/\/sen.page\/files\/alps-8345488-1920x1280.jpg 1920w\" sizes=\"(max-width: 2560px) 100vw, 2560px\" \/>\t\t\t\t\t\t\t\t\t\t\t\t\t\t\t<\/div>\n\t\t\t\t\t<\/div>\n\t\t<\/div>\n\t\t\t\t\t<\/div>\n\t\t<\/section>\n\t\t\t\t<section class=\"elementor-section elementor-top-section elementor-element elementor-element-dbc4db1 elementor-section-boxed elementor-section-height-default elementor-section-height-default\" data-id=\"dbc4db1\" data-element_type=\"section\" data-e-type=\"section\" data-settings=\"{&quot;background_background&quot;:&quot;classic&quot;}\">\n\t\t\t\t\t\t<div class=\"elementor-container elementor-column-gap-default\">\n\t\t\t\t\t<div class=\"elementor-column elementor-col-100 elementor-top-column elementor-element elementor-element-8317651\" data-id=\"8317651\" data-element_type=\"column\" data-e-type=\"column\">\n\t\t\t<div class=\"elementor-widget-wrap elementor-element-populated\">\n\t\t\t\t\t\t<div class=\"elementor-element elementor-element-a816f79 grve-elementor-align-left elementor-widget elementor-widget-impeka_title\" data-id=\"a816f79\" data-element_type=\"widget\" data-e-type=\"widget\" data-widget_type=\"impeka_title.default\">\n\t\t\t\t<div class=\"elementor-widget-container\">\n\t\t\t\t\t<h2 class=\"grve-element grve-title grve-h1\" style=\"margin-bottom: 40px;\"><span>Alles, was ihr f\u00fcr euren digitalen Auftritt braucht.<br><\/span><\/h2>\t\t\t\t<\/div>\n\t\t\t\t<\/div>\n\t\t\t\t<section class=\"elementor-section elementor-inner-section elementor-element elementor-element-b96eb61 elementor-section-boxed elementor-section-height-default elementor-section-height-default\" data-id=\"b96eb61\" data-element_type=\"section\" data-e-type=\"section\">\n\t\t\t\t\t\t<div class=\"elementor-container elementor-column-gap-default\">\n\t\t\t\t\t<div class=\"elementor-column elementor-col-50 elementor-inner-column elementor-element elementor-element-d669c98\" data-id=\"d669c98\" data-element_type=\"column\" data-e-type=\"column\">\n\t\t\t<div class=\"elementor-widget-wrap elementor-element-populated\">\n\t\t\t\t\t\t<div class=\"elementor-element elementor-element-11e2f92 elementor-widget elementor-widget-text-editor\" data-id=\"11e2f92\" data-element_type=\"widget\" data-e-type=\"widget\" data-widget_type=\"text-editor.default\">\n\t\t\t\t\t\t\t\t\t<p>Bei senpage erhaltet ihr alles, was f\u00fcr einen professionellen Internetauftritt n\u00f6tig ist:<br data-start=\"430\" data-end=\"433\" \/>eigenen Webspace mit eurer Domain, E-Mail-Adressen und ein Support, der euch versteht.<\/p><p>Wer mit WordPress oder einem anderen CMS arbeiten m\u00f6chte, findet bei uns einfache Installationsm\u00f6glichkeiten, ohne dass ihr technisches Vorwissen ben\u00f6tigt.<\/p>\t\t\t\t\t\t\t\t<\/div>\n\t\t\t\t\t<\/div>\n\t\t<\/div>\n\t\t\t\t<div class=\"elementor-column elementor-col-50 elementor-inner-column elementor-element elementor-element-c513a15\" data-id=\"c513a15\" data-element_type=\"column\" data-e-type=\"column\">\n\t\t\t<div class=\"elementor-widget-wrap elementor-element-populated\">\n\t\t\t\t\t\t<div class=\"elementor-element elementor-element-957f690 elementor-widget elementor-widget-text-editor\" data-id=\"957f690\" data-element_type=\"widget\" data-e-type=\"widget\" data-widget_type=\"text-editor.default\">\n\t\t\t\t\t\t\t\t\t<ul><li data-start=\"834\" data-end=\"864\"><p data-start=\"836\" data-end=\"864\">Webspace mit Domain<\/p><\/li><li data-start=\"834\" data-end=\"864\"><p data-start=\"836\" data-end=\"864\">E-Mail-Adressen<\/p><\/li><li data-start=\"908\" data-end=\"952\"><p data-start=\"910\" data-end=\"952\">WordPress &amp; andere Tools<\/p><\/li><li data-start=\"953\" data-end=\"988\"><p data-start=\"955\" data-end=\"988\">Pers\u00f6nlicher Support<\/p><\/li><li data-start=\"989\" data-end=\"1021\"><p data-start=\"991\" data-end=\"1021\">Fair, nachhaltig und unabh\u00e4ngig<\/p><\/li><\/ul>\t\t\t\t\t\t\t\t<\/div>\n\t\t\t\t\t<\/div>\n\t\t<\/div>\n\t\t\t\t\t<\/div>\n\t\t<\/section>\n\t\t\t\t\t<\/div>\n\t\t<\/div>\n\t\t\t\t\t<\/div>\n\t\t<\/section>\n\t\t\t\t<section class=\"elementor-section elementor-top-section elementor-element elementor-element-edd0d03 elementor-section-full_width elementor-section-height-default elementor-section-height-default\" data-id=\"edd0d03\" data-element_type=\"section\" data-e-type=\"section\">\n\t\t\t\t\t\t<div class=\"elementor-container elementor-column-gap-default\">\n\t\t\t\t\t<div class=\"elementor-column elementor-col-50 elementor-top-column elementor-element elementor-element-c5ebaa8\" data-id=\"c5ebaa8\" data-element_type=\"column\" data-e-type=\"column\" data-settings=\"{&quot;background_background&quot;:&quot;classic&quot;}\">\n\t\t\t<div class=\"elementor-widget-wrap elementor-element-populated\">\n\t\t\t\t\t\t<div class=\"elementor-element elementor-element-0dacb35 grve-elementor-align-center elementor-widget elementor-widget-impeka_button\" data-id=\"0dacb35\" data-element_type=\"widget\" data-e-type=\"widget\" data-widget_type=\"impeka_button.default\">\n\t\t\t\t<div class=\"elementor-widget-container\">\n\t\t\t\t\t<div class=\"grve-element\"><a href=\"mailto:sales@sen.page\" class=\"grve-btn-text grve-btn-only-text grve-text-white grve-text-hover-white grve-btn-medium grve-with-svg-icon-arrow-2\">\r\n\t\t<div class=\"grve-btn-inner\">\r\n\t\t<span>Angebot unverbindlich anfragen<\/span>\r\n\t\t\t\t\t\t\t<div class=\"grve-btn-svg-icon\">\r\n\t\t\t\t\t\t\t<svg width=\"40px\" height=\"16px\" viewBox=\"0 0 40 16\">\r\n\t\t\t\t\t<polygon class=\"grve-arrow-line\" points=\"0 7 38 7 38 9 0 9\"><\/polygon>\r\n\t\t\t\t\t<polygon class=\"grve-arrow-point\" points=\"31.3481912 0 40 8 31.3481912 16 30 14.5816219 37.1 8 30 1.41837809\"><\/polygon>\r\n\t\t\t\t<\/svg>\r\n\t\t\t\t\t\t\t\t<\/div>\r\n\t\t\t\t\t<\/div>\r\n\t<\/a><\/div>\t\t\t\t<\/div>\n\t\t\t\t<\/div>\n\t\t\t\t\t<\/div>\n\t\t<\/div>\n\t\t\t\t<div class=\"elementor-column elementor-col-50 elementor-top-column elementor-element elementor-element-e629999\" data-id=\"e629999\" data-element_type=\"column\" data-e-type=\"column\">\n\t\t\t<div class=\"elementor-widget-wrap\">\n\t\t\t\t\t\t\t<\/div>\n\t\t<\/div>\n\t\t\t\t\t<\/div>\n\t\t<\/section>\n\t\t<div class=\"elementor-element elementor-element-88b533c e-flex e-con-boxed e-con e-parent\" data-id=\"88b533c\" data-element_type=\"container\" data-e-type=\"container\">\n\t\t\t\t\t<div class=\"e-con-inner\">\n\t\t<div class=\"elementor-element elementor-element-95fa014 e-con-full e-flex e-con e-child\" data-id=\"95fa014\" data-element_type=\"container\" data-e-type=\"container\">\n\t\t\t\t<div class=\"elementor-element elementor-element-863e276 grve-elementor-align-left elementor-widget elementor-widget-impeka_title\" data-id=\"863e276\" data-element_type=\"widget\" data-e-type=\"widget\" data-widget_type=\"impeka_title.default\">\n\t\t\t\t<div class=\"elementor-widget-container\">\n\t\t\t\t\t<h2 class=\"grve-element grve-title grve-h1\"><span>Vertrauen, das verbindet.<br><\/span><\/h2>\t\t\t\t<\/div>\n\t\t\t\t<\/div>\n\t\t\t\t<\/div>\n\t\t<div class=\"elementor-element elementor-element-4ef2e0a e-con-full e-flex e-con e-child\" data-id=\"4ef2e0a\" data-element_type=\"container\" data-e-type=\"container\">\n\t\t\t\t<div class=\"elementor-element elementor-element-01a9eb4 elementor-widget elementor-widget-text-editor\" data-id=\"01a9eb4\" data-element_type=\"widget\" data-e-type=\"widget\" data-widget_type=\"text-editor.default\">\n\t\t\t\t\t\t\t\t\t<p data-start=\"210\" data-end=\"481\">Zahlreiche gemeinn\u00fctzige Organisationen, Initiativen, Kulturschaffende und andere nicht gewinnorientierte Akteure vertrauen auf senpage.<\/p><p data-start=\"210\" data-end=\"481\">Ihre Logos stehen stellvertretend f\u00fcr all jene, die wir seit vielen Jahren begleiten d\u00fcrfen.<\/p>\t\t\t\t\t\t\t\t<\/div>\n\t\t\t\t<\/div>\n\t\t<div class=\"elementor-element elementor-element-82aa00b e-con-full e-flex e-con e-child\" data-id=\"82aa00b\" data-element_type=\"container\" data-e-type=\"container\">\n\t\t<div class=\"elementor-element elementor-element-dec299c e-grid e-con-full e-con e-child\" data-id=\"dec299c\" data-element_type=\"container\" data-e-type=\"container\">\n\t\t\t\t<div class=\"elementor-element elementor-element-fe24b67 elementor-widget elementor-widget-image\" data-id=\"fe24b67\" data-element_type=\"widget\" data-e-type=\"widget\" data-widget_type=\"image.default\">\n\t\t\t\t\t\t\t\t\t\t\t\t\t\t\t<img decoding=\"async\" src=\"https:\/\/sen.page\/files\/elementor\/thumbs\/justeco-charity-scaled-1-rbk4acmvzh8pvz58hri8b8syo7ot145x8cpqyinwu8.png\" title=\"justeco-charity-scaled (1)\" alt=\"justeco-charity-scaled (1)\" loading=\"lazy\" \/>\t\t\t\t\t\t\t\t\t\t\t\t\t\t\t<\/div>\n\t\t\t\t<div class=\"elementor-element elementor-element-40324a1 elementor-widget elementor-widget-image\" data-id=\"40324a1\" data-element_type=\"widget\" data-e-type=\"widget\" data-widget_type=\"image.default\">\n\t\t\t\t\t\t\t\t\t\t\t\t\t\t\t<img decoding=\"async\" src=\"https:\/\/sen.page\/files\/elementor\/thumbs\/Logo_NWO-Stiftung_Belcampo-rbk4b4u1oibbka09x3p1e1oshrttg19vc8abcti3nk.jpg\" title=\"Logo_NWO-Stiftung_Belcampo\" alt=\"Logo_NWO-Stiftung_Belcampo\" loading=\"lazy\" \/>\t\t\t\t\t\t\t\t\t\t\t\t\t\t\t<\/div>\n\t\t\t\t<div class=\"elementor-element elementor-element-37ee272 elementor-widget elementor-widget-image\" data-id=\"37ee272\" data-element_type=\"widget\" data-e-type=\"widget\" data-widget_type=\"image.default\">\n\t\t\t\t\t\t\t\t\t\t\t\t\t\t\t<img decoding=\"async\" src=\"https:\/\/sen.page\/files\/elementor\/thumbs\/logo_ton-mit-herz-rbk4bxz1kdf7k6ty6yah1cc2wpu72nhjs8id8eawao.png\" title=\"logo_ton-mit-herz\" alt=\"logo_ton-mit-herz\" loading=\"lazy\" \/>\t\t\t\t\t\t\t\t\t\t\t\t\t\t\t<\/div>\n\t\t\t\t<\/div>\n\t\t\t\t<\/div>\n\t\t\t\t\t<\/div>\n\t\t\t\t<\/div>\n\t\t\t\t<\/div>\n\t\t","protected":false},"excerpt":{"rendered":"<p>Non-Profit-Webhosting Die digitale Heimat f\u00fcr alle, die gestalten, bewegen und verbinden. Damit Sinnvolles nicht am Geld oder an Technik scheitert. senpage bietet euch die technische Basis f\u00fcr euren Internetauftritt. Einfach zu nutzen und zuverl\u00e4ssig verf\u00fcgbar. So k\u00f6nnt ihr euch voll und ganz auf das konzentrieren, was euch am Herzen liegt. Seit 2009 begleiten wir Menschen [&hellip;]<\/p>\n","protected":false},"author":1,"featured_media":2990,"parent":0,"menu_order":0,"comment_status":"closed","ping_status":"closed","template":"","meta":{"footnotes":""},"class_list":["post-3062","page","type-page","status-publish","has-post-thumbnail","hentry","grve-entry-item"],"_links":{"self":[{"href":"https:\/\/sen.page\/index.php\/wp-json\/wp\/v2\/pages\/3062","targetHints":{"allow":["GET"]}}],"collection":[{"href":"https:\/\/sen.page\/index.php\/wp-json\/wp\/v2\/pages"}],"about":[{"href":"https:\/\/sen.page\/index.php\/wp-json\/wp\/v2\/types\/page"}],"author":[{"embeddable":true,"href":"https:\/\/sen.page\/index.php\/wp-json\/wp\/v2\/users\/1"}],"replies":[{"embeddable":true,"href":"https:\/\/sen.page\/index.php\/wp-json\/wp\/v2\/comments?post=3062"}],"version-history":[{"count":136,"href":"https:\/\/sen.page\/index.php\/wp-json\/wp\/v2\/pages\/3062\/revisions"}],"predecessor-version":[{"id":3291,"href":"https:\/\/sen.page\/index.php\/wp-json\/wp\/v2\/pages\/3062\/revisions\/3291"}],"wp:featuredmedia":[{"embeddable":true,"href":"https:\/\/sen.page\/index.php\/wp-json\/wp\/v2\/media\/2990"}],"wp:attachment":[{"href":"https:\/\/sen.page\/index.php\/wp-json\/wp\/v2\/media?parent=3062"}],"curies":[{"name":"wp","href":"https:\/\/api.w.org\/{rel}","templated":true}]}}